{"id":138,"date":"2023-04-13T18:26:23","date_gmt":"2023-04-13T16:26:23","guid":{"rendered":"https:\/\/mammeascuola.it\/?page_id=138"},"modified":"2025-09-26T16:50:58","modified_gmt":"2025-09-26T14:50:58","slug":"dona-ora","status":"publish","type":"page","link":"https:\/\/mammeascuola.it\/it\/dona-ora\/","title":{"rendered":"Dona ora"},"content":{"rendered":"<p>Il versamento pu\u00f2 essere effettuato da persone fisiche o imprese individuali ed esercenti arti e professioni, Societ\u00e0 di persone ed equiparate, Societ\u00e0 di capitali ed Enti commerciali, Enti non commerciali ed equiparati attraverso Conto Corrente Bancario o Postale.<\/p>\n<p>Il tuo aiuto sar\u00e0 fondamentale per aiutare le Mamme e finanziare <a href=\"https:\/\/mammeascuola.it\/it\/i-nostri-progetti\/\">i nostri progetti<\/a>.<\/p>\n<p>Tipologia di donazioni disponibili:<\/p>\n<ol>\n<li><a href=\"#box_evidenza_1\">online (carte di credito o prepagate)<\/a>,<\/li>\n<li><a href=\"#box_evidenza_1\">bonifico bancario<\/a>,<\/li>\n<li><a href=\"#box_evidenza_2\">5 per 1000<\/a>.<\/li>\n<\/ol>\n","protected":false},"excerpt":{"rendered":"<p>Il versamento pu\u00f2 essere effettuato da persone fisiche o imprese individuali ed esercenti arti e professioni, Societ\u00e0 di persone ed&#8230;<\/p>\n","protected":false},"author":1,"featured_media":73,"parent":0,"menu_order":0,"comment_status":"closed","ping_status":"closed","template":"","meta":{"_acf_changed":false,"footnotes":""},"class_list":["post-138","page","type-page","status-publish","has-post-thumbnail","hentry"],"acf":[],"yoast_head":"<!-- This site is optimized with the Yoast SEO plugin v27.4 - https:\/\/yoast.com\/product\/yoast-seo-wordpress\/ -->\n<title>Dona ora - Mamme a Scuola<\/title>\n<meta name=\"robots\" content=\"index, follow, max-snippet:-1, max-image-preview:large, max-video-preview:-1\" \/>\n<link rel=\"canonical\" href=\"https:\/\/mammeascuola.it\/it\/dona-ora\/\" \/>\n<meta property=\"og:locale\" content=\"it_IT\" \/>\n<meta property=\"og:type\" content=\"article\" \/>\n<meta property=\"og:title\" content=\"Dona ora - Mamme a Scuola\" \/>\n<meta property=\"og:description\" content=\"Il versamento pu\u00f2 essere effettuato da persone fisiche o imprese individuali ed esercenti arti e professioni, Societ\u00e0 di persone ed...\" \/>\n<meta property=\"og:url\" content=\"https:\/\/mammeascuola.it\/it\/dona-ora\/\" \/>\n<meta property=\"og:site_name\" content=\"Mamme a Scuola\" \/>\n<meta property=\"article:publisher\" content=\"https:\/\/www.facebook.com\/mammeascuola\" \/>\n<meta property=\"article:modified_time\" content=\"2025-09-26T14:50:58+00:00\" \/>\n<meta property=\"og:image\" content=\"http:\/\/mammeascuola.it\/wp-content\/uploads\/bg_mother_child.jpg\" \/>\n\t<meta property=\"og:image:width\" content=\"1920\" \/>\n\t<meta property=\"og:image:height\" content=\"1280\" \/>\n\t<meta property=\"og:image:type\" content=\"image\/jpeg\" \/>\n<meta name=\"twitter:card\" content=\"summary_large_image\" \/>\n<meta name=\"twitter:label1\" content=\"Tempo di lettura stimato\" \/>\n\t<meta name=\"twitter:data1\" content=\"1 minuto\" \/>\n<script type=\"application\/ld+json\" class=\"yoast-schema-graph\">{\"@context\":\"https:\\\/\\\/schema.org\",\"@graph\":[{\"@type\":\"WebPage\",\"@id\":\"https:\\\/\\\/mammeascuola.it\\\/it\\\/dona-ora\\\/\",\"url\":\"https:\\\/\\\/mammeascuola.it\\\/it\\\/dona-ora\\\/\",\"name\":\"Dona ora - Mamme a Scuola\",\"isPartOf\":{\"@id\":\"https:\\\/\\\/mammeascuola.it\\\/it\\\/#website\"},\"primaryImageOfPage\":{\"@id\":\"https:\\\/\\\/mammeascuola.it\\\/it\\\/dona-ora\\\/#primaryimage\"},\"image\":{\"@id\":\"https:\\\/\\\/mammeascuola.it\\\/it\\\/dona-ora\\\/#primaryimage\"},\"thumbnailUrl\":\"https:\\\/\\\/mammeascuola.it\\\/wp-content\\\/uploads\\\/bg_mother_child.jpg\",\"datePublished\":\"2023-04-13T16:26:23+00:00\",\"dateModified\":\"2025-09-26T14:50:58+00:00\",\"inLanguage\":\"it-IT\",\"potentialAction\":[{\"@type\":\"ReadAction\",\"target\":[\"https:\\\/\\\/mammeascuola.it\\\/it\\\/dona-ora\\\/\"]}]},{\"@type\":\"ImageObject\",\"inLanguage\":\"it-IT\",\"@id\":\"https:\\\/\\\/mammeascuola.it\\\/it\\\/dona-ora\\\/#primaryimage\",\"url\":\"https:\\\/\\\/mammeascuola.it\\\/wp-content\\\/uploads\\\/bg_mother_child.jpg\",\"contentUrl\":\"https:\\\/\\\/mammeascuola.it\\\/wp-content\\\/uploads\\\/bg_mother_child.jpg\",\"width\":1920,\"height\":1280,\"caption\":\"Mamme a scuola\"},{\"@type\":\"WebSite\",\"@id\":\"https:\\\/\\\/mammeascuola.it\\\/it\\\/#website\",\"url\":\"https:\\\/\\\/mammeascuola.it\\\/it\\\/\",\"name\":\"Mamme a Scuola\",\"description\":\"\",\"publisher\":{\"@id\":\"https:\\\/\\\/mammeascuola.it\\\/it\\\/#organization\"},\"potentialAction\":[{\"@type\":\"SearchAction\",\"target\":{\"@type\":\"EntryPoint\",\"urlTemplate\":\"https:\\\/\\\/mammeascuola.it\\\/it\\\/?s={search_term_string}\"},\"query-input\":{\"@type\":\"PropertyValueSpecification\",\"valueRequired\":true,\"valueName\":\"search_term_string\"}}],\"inLanguage\":\"it-IT\"},{\"@type\":\"Organization\",\"@id\":\"https:\\\/\\\/mammeascuola.it\\\/it\\\/#organization\",\"name\":\"Mamme a Scuola\",\"url\":\"https:\\\/\\\/mammeascuola.it\\\/it\\\/\",\"logo\":{\"@type\":\"ImageObject\",\"inLanguage\":\"it-IT\",\"@id\":\"https:\\\/\\\/mammeascuola.it\\\/it\\\/#\\\/schema\\\/logo\\\/image\\\/\",\"url\":\"http:\\\/\\\/mammeascuola.it\\\/wp-content\\\/uploads\\\/Logo_MaS_2linee.png\",\"contentUrl\":\"http:\\\/\\\/mammeascuola.it\\\/wp-content\\\/uploads\\\/Logo_MaS_2linee.png\",\"width\":760,\"height\":440,\"caption\":\"Mamme a Scuola\"},\"image\":{\"@id\":\"https:\\\/\\\/mammeascuola.it\\\/it\\\/#\\\/schema\\\/logo\\\/image\\\/\"},\"sameAs\":[\"https:\\\/\\\/www.facebook.com\\\/mammeascuola\",\"https:\\\/\\\/www.instagram.com\\\/mamme_a_scuola\\\/\"]}]}<\/script>\n<!-- \/ Yoast SEO plugin. -->","yoast_head_json":{"title":"Dona ora - Mamme a Scuola","robots":{"index":"index","follow":"follow","max-snippet":"max-snippet:-1","max-image-preview":"max-image-preview:large","max-video-preview":"max-video-preview:-1"},"canonical":"https:\/\/mammeascuola.it\/it\/dona-ora\/","og_locale":"it_IT","og_type":"article","og_title":"Dona ora - Mamme a Scuola","og_description":"Il versamento pu\u00f2 essere effettuato da persone fisiche o imprese individuali ed esercenti arti e professioni, Societ\u00e0 di persone ed...","og_url":"https:\/\/mammeascuola.it\/it\/dona-ora\/","og_site_name":"Mamme a Scuola","article_publisher":"https:\/\/www.facebook.com\/mammeascuola","article_modified_time":"2025-09-26T14:50:58+00:00","og_image":[{"width":1920,"height":1280,"url":"http:\/\/mammeascuola.it\/wp-content\/uploads\/bg_mother_child.jpg","type":"image\/jpeg"}],"twitter_card":"summary_large_image","twitter_misc":{"Tempo di lettura stimato":"1 minuto"},"schema":{"@context":"https:\/\/schema.org","@graph":[{"@type":"WebPage","@id":"https:\/\/mammeascuola.it\/it\/dona-ora\/","url":"https:\/\/mammeascuola.it\/it\/dona-ora\/","name":"Dona ora - Mamme a Scuola","isPartOf":{"@id":"https:\/\/mammeascuola.it\/it\/#website"},"primaryImageOfPage":{"@id":"https:\/\/mammeascuola.it\/it\/dona-ora\/#primaryimage"},"image":{"@id":"https:\/\/mammeascuola.it\/it\/dona-ora\/#primaryimage"},"thumbnailUrl":"https:\/\/mammeascuola.it\/wp-content\/uploads\/bg_mother_child.jpg","datePublished":"2023-04-13T16:26:23+00:00","dateModified":"2025-09-26T14:50:58+00:00","inLanguage":"it-IT","potentialAction":[{"@type":"ReadAction","target":["https:\/\/mammeascuola.it\/it\/dona-ora\/"]}]},{"@type":"ImageObject","inLanguage":"it-IT","@id":"https:\/\/mammeascuola.it\/it\/dona-ora\/#primaryimage","url":"https:\/\/mammeascuola.it\/wp-content\/uploads\/bg_mother_child.jpg","contentUrl":"https:\/\/mammeascuola.it\/wp-content\/uploads\/bg_mother_child.jpg","width":1920,"height":1280,"caption":"Mamme a scuola"},{"@type":"WebSite","@id":"https:\/\/mammeascuola.it\/it\/#website","url":"https:\/\/mammeascuola.it\/it\/","name":"Mamme a Scuola","description":"","publisher":{"@id":"https:\/\/mammeascuola.it\/it\/#organization"},"potentialAction":[{"@type":"SearchAction","target":{"@type":"EntryPoint","urlTemplate":"https:\/\/mammeascuola.it\/it\/?s={search_term_string}"},"query-input":{"@type":"PropertyValueSpecification","valueRequired":true,"valueName":"search_term_string"}}],"inLanguage":"it-IT"},{"@type":"Organization","@id":"https:\/\/mammeascuola.it\/it\/#organization","name":"Mamme a Scuola","url":"https:\/\/mammeascuola.it\/it\/","logo":{"@type":"ImageObject","inLanguage":"it-IT","@id":"https:\/\/mammeascuola.it\/it\/#\/schema\/logo\/image\/","url":"http:\/\/mammeascuola.it\/wp-content\/uploads\/Logo_MaS_2linee.png","contentUrl":"http:\/\/mammeascuola.it\/wp-content\/uploads\/Logo_MaS_2linee.png","width":760,"height":440,"caption":"Mamme a Scuola"},"image":{"@id":"https:\/\/mammeascuola.it\/it\/#\/schema\/logo\/image\/"},"sameAs":["https:\/\/www.facebook.com\/mammeascuola","https:\/\/www.instagram.com\/mamme_a_scuola\/"]}]}},"_links":{"self":[{"href":"https:\/\/mammeascuola.it\/it\/wp-json\/wp\/v2\/pages\/138","targetHints":{"allow":["GET"]}}],"collection":[{"href":"https:\/\/mammeascuola.it\/it\/wp-json\/wp\/v2\/pages"}],"about":[{"href":"https:\/\/mammeascuola.it\/it\/wp-json\/wp\/v2\/types\/page"}],"author":[{"embeddable":true,"href":"https:\/\/mammeascuola.it\/it\/wp-json\/wp\/v2\/users\/1"}],"replies":[{"embeddable":true,"href":"https:\/\/mammeascuola.it\/it\/wp-json\/wp\/v2\/comments?post=138"}],"version-history":[{"count":42,"href":"https:\/\/mammeascuola.it\/it\/wp-json\/wp\/v2\/pages\/138\/revisions"}],"predecessor-version":[{"id":951,"href":"https:\/\/mammeascuola.it\/it\/wp-json\/wp\/v2\/pages\/138\/revisions\/951"}],"wp:featuredmedia":[{"embeddable":true,"href":"https:\/\/mammeascuola.it\/it\/wp-json\/wp\/v2\/media\/73"}],"wp:attachment":[{"href":"https:\/\/mammeascuola.it\/it\/wp-json\/wp\/v2\/media?parent=138"}],"curies":[{"name":"wp","href":"https:\/\/api.w.org\/{rel}","templated":true}]}}